{"id":98,"date":"2026-02-26T08:26:53","date_gmt":"2026-02-26T08:26:53","guid":{"rendered":"https:\/\/keen-dijkstra.94-143-142-77.plesk.page\/?post_type=product&#038;p=98"},"modified":"2026-03-23T09:37:18","modified_gmt":"2026-03-23T09:37:18","slug":"habitacion-privada-con-cama-doble-en-aura-jacobea","status":"publish","type":"product","link":"https:\/\/keen-dijkstra.94-143-142-77.plesk.page\/index.php\/producto\/habitacion-privada-con-cama-doble-en-aura-jacobea\/","title":{"rendered":"Habitaci\u00f3n privada con cama doble en Aura Jacobea"},"content":{"rendered":"<p>Nuestra <strong>habitaci\u00f3n doble privada en Hornillos del Camino<\/strong> te ofrece un entorno de descanso absoluto y silencioso para recuperar fuerzas tras la etapa en la Meseta.<\/p>\n<p>Aqu\u00ed disfrutar\u00e1s de una cama doble, con un colch\u00f3n de alta calidad pensado para aliviar la fatiga muscular y garantizar un sue\u00f1o ininterrumpido. Un espacio \u00edntimo, limpio y acogedor donde t\u00fa marcas los tiempos de tu descanso.<\/p>\n","protected":false},"excerpt":{"rendered":"<p>Habitaci\u00f3n privada con cama doble en Aura Jacobea<\/p>\n","protected":false},"featured_media":105,"comment_status":"open","ping_status":"closed","template":"","meta":[],"product_brand":[],"product_cat":[16],"product_tag":[],"class_list":{"0":"post-98","1":"product","2":"type-product","3":"status-publish","4":"has-post-thumbnail","6":"product_cat-sin-categorizar","8":"first","9":"instock","10":"virtual","11":"sold-individually","12":"taxable","13":"purchasable","14":"product-type-booking"},"_links":{"self":[{"href":"https:\/\/keen-dijkstra.94-143-142-77.plesk.page\/index.php\/wp-json\/wp\/v2\/product\/98","targetHints":{"allow":["GET"]}}],"collection":[{"href":"https:\/\/keen-dijkstra.94-143-142-77.plesk.page\/index.php\/wp-json\/wp\/v2\/product"}],"about":[{"href":"https:\/\/keen-dijkstra.94-143-142-77.plesk.page\/index.php\/wp-json\/wp\/v2\/types\/product"}],"replies":[{"embeddable":true,"href":"https:\/\/keen-dijkstra.94-143-142-77.plesk.page\/index.php\/wp-json\/wp\/v2\/comments?post=98"}],"wp:featuredmedia":[{"embeddable":true,"href":"https:\/\/keen-dijkstra.94-143-142-77.plesk.page\/index.php\/wp-json\/wp\/v2\/media\/105"}],"wp:attachment":[{"href":"https:\/\/keen-dijkstra.94-143-142-77.plesk.page\/index.php\/wp-json\/wp\/v2\/media?parent=98"}],"wp:term":[{"taxonomy":"product_brand","embeddable":true,"href":"https:\/\/keen-dijkstra.94-143-142-77.plesk.page\/index.php\/wp-json\/wp\/v2\/product_brand?post=98"},{"taxonomy":"product_cat","embeddable":true,"href":"https:\/\/keen-dijkstra.94-143-142-77.plesk.page\/index.php\/wp-json\/wp\/v2\/product_cat?post=98"},{"taxonomy":"product_tag","embeddable":true,"href":"https:\/\/keen-dijkstra.94-143-142-77.plesk.page\/index.php\/wp-json\/wp\/v2\/product_tag?post=98"}],"curies":[{"name":"wp","href":"https:\/\/api.w.org\/{rel}","templated":true}]}}